{"id":11,"date":"2022-01-14T21:33:17","date_gmt":"2022-01-14T20:33:17","guid":{"rendered":"https:\/\/www.gocerliyiz.com\/?page_id=11"},"modified":"2022-01-14T22:41:26","modified_gmt":"2022-01-14T21:41:26","slug":"konsu-koyler","status":"publish","type":"page","link":"https:\/\/www.gocerliyiz.com\/index.php\/konsu-koyler\/","title":{"rendered":"Komsu K\u00f6yler"},"content":{"rendered":"\n<p>Dagal (Dag konak)<\/p>\n\n\n\n<p>\u00e7atak<\/p>\n\n\n\n<p>\u00e7ukurbag<\/p>\n\n\n\n<p>Morcali<\/p>\n\n\n\n<p>Yilang\u00fcm\u00fc<\/p>\n\n\n\n<p>Ve diger k\u00f6yler<\/p>\n\n\n\n<p><\/p>\n","protected":false},"excerpt":{"rendered":"<p>Dagal (Dag konak) \u00e7atak \u00e7ukurbag Morcali Yilang\u00fcm\u00fc Ve diger k\u00f6yler<\/p>\n","protected":false},"author":1,"featured_media":57,"parent":0,"menu_order":0,"comment_status":"closed","ping_status":"closed","template":"","meta":[],"_links":{"self":[{"href":"https:\/\/www.gocerliyiz.com\/index.php\/wp-json\/wp\/v2\/pages\/11"}],"collection":[{"href":"https:\/\/www.gocerliyiz.com\/index.php\/wp-json\/wp\/v2\/pages"}],"about":[{"href":"https:\/\/www.gocerliyiz.com\/index.php\/wp-json\/wp\/v2\/types\/page"}],"author":[{"embeddable":true,"href":"https:\/\/www.gocerliyiz.com\/index.php\/wp-json\/wp\/v2\/users\/1"}],"replies":[{"embeddable":true,"href":"https:\/\/www.gocerliyiz.com\/index.php\/wp-json\/wp\/v2\/comments?post=11"}],"version-history":[{"count":2,"href":"https:\/\/www.gocerliyiz.com\/index.php\/wp-json\/wp\/v2\/pages\/11\/revisions"}],"predecessor-version":[{"id":59,"href":"https:\/\/www.gocerliyiz.com\/index.php\/wp-json\/wp\/v2\/pages\/11\/revisions\/59"}],"wp:featuredmedia":[{"embeddable":true,"href":"https:\/\/www.gocerliyiz.com\/index.php\/wp-json\/wp\/v2\/media\/57"}],"wp:attachment":[{"href":"https:\/\/www.gocerliyiz.com\/index.php\/wp-json\/wp\/v2\/media?parent=11"}],"curies":[{"name":"wp","href":"https:\/\/api.w.org\/{rel}","templated":true}]}}